{"id":3618,"date":"2015-06-07T17:03:40","date_gmt":"2015-06-07T17:03:40","guid":{"rendered":"http:\/\/www.adismonta.com\/talonario\/?page_id=3618"},"modified":"2015-07-20T10:46:37","modified_gmt":"2015-07-20T10:46:37","slug":"pagina","status":"publish","type":"page","link":"https:\/\/adismonta.com\/talonario\/pagina\/","title":{"rendered":"\u00bfComo usar los cupones?"},"content":{"rendered":"<div class=\"et_pb_section et_section_regular\">\n\t\t\t\n\t\t\t\n\t\t\t\t\n\t\t\t\t<div class=\"et_pb_row\">\n\t\t\t<div class=\"et_pb_column et_pb_column_4_4\">\n\t\t\t<div class=\"et_pb_text et_pb_bg_layout_light et_pb_text_align_left\">\n\t\t\t\n<h1>\u00bfComo usar los cupones?<\/h1>\n<blockquote><p><a href=\"https:\/\/adismonta.com\/talonario\/wp-content\/uploads\/2015\/06\/TALONARIO-compressor1.png\"><img loading=\"lazy\" decoding=\"async\" class=\"  wp-image-3558 alignleft\" src=\"https:\/\/adismonta.com\/talonario\/wp-content\/uploads\/2015\/06\/TALONARIO-compressor1-300x217.png\" alt=\"TALONARIO-compressor\" width=\"208\" height=\"151\" srcset=\"https:\/\/adismonta.com\/talonario\/wp-content\/uploads\/2015\/06\/TALONARIO-compressor1-300x217.png 300w, https:\/\/adismonta.com\/talonario\/wp-content\/uploads\/2015\/06\/TALONARIO-compressor1.png 705w\" sizes=\"auto, (max-width: 208px) 100vw, 208px\" \/><\/a><\/p>\n<h2>\u00bfQue son los cupones?<\/h2>\n<p>En esta web encontrar\u00e1s diferentes ofertas de servicios en toda la zona de la Sierra de Montanchez y Tamuja. Alojamiento,\u00a0ofertas de ocio, gastronom\u00eda&#8230;. Si vienes a visitarnos a la Sierra de Montanchez puedes hacer uso de ella en muchos establecimientos. Solo tienes que presentar el cup\u00f3n para disfrutar de la oferta. Te esperamos!<\/p>\n<h2>\u00a0<\/h2>\n<hr \/>\n<h2>\u00a0<\/h2>\n<h2><img loading=\"lazy\" decoding=\"async\" class=\"alignleft  wp-image-3736\" src=\"https:\/\/adismonta.com\/talonario\/wp-content\/uploads\/2015\/06\/web.png\" alt=\"web\" width=\"211\" height=\"73\" \/>\u00bfComo descargar los cupones?<\/h2>\n<p>Entra en la secci\u00f3n <strong>\u00abTalonario\u00a0de regalo\u00bb<\/strong> y podr\u00e1s ver todas nuestras ofertas navegando horizontalmente por las mismas. Para ver los detalles de la misma accede a cada ficha de la oferta. Si lo deseas puedes descargar una imagen haciendo clic en el bot\u00f3n <strong>\u00abDescargar el cup\u00f3n\u00bb.<\/strong> Esta imagen la podr\u00e1s presentar en el establecimiento para poder acceder a la oferta descrita en la misma. Puedes presentarla impresa o directamente en tu m\u00f3vil o tablet.<\/p>\n<h2>\u00a0<\/h2>\n<hr \/>\n<h2>\u00a0<\/h2>\n<h2><img loading=\"lazy\" decoding=\"async\" class=\"alignleft size-full wp-image-3738\" src=\"https:\/\/adismonta.com\/talonario\/wp-content\/uploads\/2015\/06\/web2.png\" alt=\"web2\" width=\"91\" height=\"72\" \/>\u00bfVisitar la web de la oferta?<\/h2>\n<p>Di deseas tener m\u00e1s informaci\u00f3n sobre la oferta o la empresa que la facilita, podr\u00e1s acceder directamente a su sitio Web desde el bot\u00f3n <strong>\u00abWeb\u00bb<\/strong>. <\/p><\/blockquote>\n\n\t\t<\/div> <!-- .et_pb_text -->\n\t\t<\/div> <!-- .et_pb_column -->\n\t\t<\/div> <!-- .et_pb_row -->\n\t\t\t\n\t\t<\/div> <!-- .et_pb_section -->\n","protected":false},"excerpt":{"rendered":"","protected":false},"author":1,"featured_media":0,"parent":0,"menu_order":0,"comment_status":"open","ping_status":"closed","template":"","meta":{"footnotes":""},"class_list":["post-3618","page","type-page","status-publish","hentry"],"_links":{"self":[{"href":"https:\/\/adismonta.com\/talonario\/wp-json\/wp\/v2\/pages\/3618","targetHints":{"allow":["GET"]}}],"collection":[{"href":"https:\/\/adismonta.com\/talonario\/wp-json\/wp\/v2\/pages"}],"about":[{"href":"https:\/\/adismonta.com\/talonario\/wp-json\/wp\/v2\/types\/page"}],"author":[{"embeddable":true,"href":"https:\/\/adismonta.com\/talonario\/wp-json\/wp\/v2\/users\/1"}],"replies":[{"embeddable":true,"href":"https:\/\/adismonta.com\/talonario\/wp-json\/wp\/v2\/comments?post=3618"}],"version-history":[{"count":27,"href":"https:\/\/adismonta.com\/talonario\/wp-json\/wp\/v2\/pages\/3618\/revisions"}],"predecessor-version":[{"id":3780,"href":"https:\/\/adismonta.com\/talonario\/wp-json\/wp\/v2\/pages\/3618\/revisions\/3780"}],"wp:attachment":[{"href":"https:\/\/adismonta.com\/talonario\/wp-json\/wp\/v2\/media?parent=3618"}],"curies":[{"name":"wp","href":"https:\/\/api.w.org\/{rel}","templated":true}]}}