{"id":94,"date":"2013-09-04T18:07:58","date_gmt":"2013-09-04T18:07:58","guid":{"rendered":"http:\/\/adismonta.com\/participa\/?page_id=94"},"modified":"2014-10-18T12:56:17","modified_gmt":"2014-10-18T12:56:17","slug":"turismo","status":"publish","type":"page","link":"https:\/\/adismonta.com\/participa\/turismo\/","title":{"rendered":"Turismo"},"content":{"rendered":"<p style=\"text-align: justify;\"><b>CAMPA\u00d1A DE DINAMIZACI\u00d3N Y VERTEBRACI\u00d3N EMPRESARIAL:\u00a0<\/b><b>\u00d3RGANO DE GESTI\u00d3N CLUB DE PRODUCTO RUTAS DEL JAM\u00d3N IB\u00c9RICO.<\/b><\/p>\n<p style=\"text-align: justify;\">En el marco del \u00abForo de empresa, empleo y formaci\u00f3n\u00bb, el Foro de Turismo se encuentra inmerso en el desarrollo de un producto tur\u00edstico muy potente a nivel nacional: \u201c<b>Club de Producto Rutas del Jam\u00f3n ib\u00e9rico\u201d<\/b><\/p>\n<p style=\"text-align: justify;\"><b>La metodolog\u00eda club de producto se basa en la participaci\u00f3n de todos los sectores productivos<\/b>, as\u00ed las actuaciones recaen sobre cada una de los elementos de la cadena de valor \u201cDesde la mesa a la Dehesa\u201d.<\/p>\n<p style=\"text-align: justify;\">En el desarrollo de \u00e9ste se encuentran implicados todos los sectores productivos (agroganadero, industrial y servicios). Esta metodolog\u00eda incide con resultados positivos en: generaci\u00f3n de nuevos empleos, vertebraci\u00f3n multisectorial y formaci\u00f3n para la excelencia.<\/p>\n<p style=\"text-align: justify;\"><b><span class=\"Apple-style-span\" style=\"font-weight: normal;\"><b>Objetivos Generales y Espec\u00edficos<\/b><\/span><\/b><\/p>\n<p style=\"text-align: justify;\">El objetivo general que se propone es el de <strong>dinamizar la vertebraci\u00f3n y cooperaci\u00f3n empresarial<\/strong> a trav\u00e9s del Foro de Turismo.<\/p>\n<p style=\"text-align: justify;\">Como objetivos espec\u00edficos se trata de trabajar en la <strong>integraci\u00f3n del mayor n\u00famero de empresas directamente implicadas en el desarrollo tur\u00edstico de la comarca<\/strong> a trav\u00e9s de su participaci\u00f3n activa en el Club de Producto Ruta del Jam\u00f3n Ib\u00e9rico. En la estrategia de fomento tur\u00edstico definida en el territorio, El Ib\u00e9rico, resulta ser el producto estructurante de la misma.<\/p>\n<p style=\"text-align: justify;\"><b>Beneficiarios directos del territorio.<\/b><\/p>\n<p style=\"text-align: justify;\">Este Producto basa su hilo argumental en toda la cadena de valor del proceso de la producci\u00f3n de jam\u00f3n ib\u00e9rico y su puesta en valor como recurso gastron\u00f3mico para disfrutar de una experiencia tur\u00edstica. Resalta por ello la incidencia directa que tiene en todos los sectores econ\u00f3micos.<\/p>\n<p style=\"text-align: justify;\"><b>Incidencia del Proyecto sobre sectores espec\u00edficos de la poblaci\u00f3n tales como mujeres, j\u00f3venes y otros grupos de especial consideraci\u00f3n.<\/b><\/p>\n<p style=\"text-align: justify;\">La puesta en mercado del producto tur\u00edstico \u201cRuta del Jam\u00f3n Ib\u00e9rico\u201d incide de manera directa en los tres grandes sectores productivos. Esto, ofrece m\u00faltiples oportunidades de fijaci\u00f3n de la poblaci\u00f3n e inserci\u00f3n laboral a segmentos espec\u00edficos de poblaci\u00f3n tales como j\u00f3venes, mujeres, discapacitados o parados de larga duraci\u00f3n sin especializaci\u00f3n.<\/p>\n<p style=\"text-align: justify;\">Se proponen las siguientes <strong>acciones\/actividades<\/strong>:<\/p>\n<p style=\"text-align: justify;\"><span style=\"color: #ff6600;\"><b>JORNADA DE TRABAJO DEL \u00d3RGANO DE GESTI\u00d3N TERRITORIAL\u00a0<\/b><b>\u00abCLUB DE PRODUCTO RUTAS DEL JAM\u00d3N IB\u00c9RICO\u00bb<\/b><\/span><\/p>\n<p style=\"text-align: justify;\">Se proponen estas jornadas de trabajo para llevar a cabo distintas actuaciones:<\/p>\n<ul style=\"text-align: justify;\">\n<li>Elaborar y definir el r\u00e9gimen interno del \u00f3rgano de gesti\u00f3n.<\/li>\n<li>Trabajar sobre la aplicaci\u00f3n de las normas de uso del manual de imagen<\/li>\n<li>Club de Producto Rutas del Jam\u00f3n ib\u00e9rico. Poner en marcha y seguimiento del Plan de Comunicaci\u00f3n Club de Producto\u00a0RJI en el periodo 2013<\/li>\n<li>Dise\u00f1ar planes y actuaciones en el marco de \u201cClub de Producto Rutas delJam\u00f3n Ib\u00e9rico\u00bb<\/li>\n<\/ul>\n<p style=\"text-align: justify;\"><span style=\"color: #ff6600;\"><b>CAMPA\u00d1A DE ATENCI\u00d3N A LAS SOLICITUDES DE ADHESI\u00d3N AL\u00a0<\/b><\/span><span style=\"color: #ff6600;\"><b>CLUB DE PRODUCTO RUTAS DEL JAM\u00d3N IB\u00c9RICO (PROCESO DE NUEVAS\u00a0<\/b><\/span><span style=\"color: #ff6600;\"><b>ADHESIONES)<\/b><\/span><\/p>\n<p style=\"text-align: justify;\">Se plantea una metodolog\u00eda de trabajo personalizada a los empresarios que han presentado su carta de inter\u00e9s para la adhesi\u00f3n al Club de Producto.<\/p>\n<p style=\"text-align: justify;\">Esta atenci\u00f3n personalizada se basa en una primera visita para dar a conocer el sistema de participaci\u00f3n, sus requerimientos y necesidades para participaci\u00f3n en el club. El trabajo se desarrollar\u00e1 con contacto personal telef\u00f3nico y visita personalizada.<\/p>\n<p style=\"text-align: justify;\">Se realiza una segunda visita para chequear que se cumplen todos los requisitos y poder emitir un informe positivo de adhesi\u00f3n.<\/p>\n<p style=\"text-align: justify;\">Una vez el establecimiento esta adherido al club se le facilitar\u00e1 el distintivo y el manual de imagen para cumplir con los requisitos b\u00e1sicos de informaci\u00f3n y posicionamiento de marca.<\/p>\n<p style=\"text-align: justify;\">Os dejamos con un v\u00eddeo d\u00f3nde conocer la importancia de esta ruta \u00abEn Clave Rural &#8211; La Ruta del Ib\u00e9rico en Mont\u00e1nchez\u00bb<\/p>\n<h1 id=\"watch-headline-title\"><a href=\"http:\/\/iframewidth=560height=315src=\/\/www.youtube.com\/embed\/kYPodVUP5-gframeborder=0allowfullscreen\/iframe\"><iframe loading=\"lazy\" src=\"\/\/www.youtube.com\/embed\/kYPodVUP5-g\" height=\"315\" width=\"560\" allowfullscreen=\"\" frameborder=\"0\"><\/iframe><\/a><\/h1>\n","protected":false},"excerpt":{"rendered":"<p>CAMPA\u00d1A DE DINAMIZACI\u00d3N Y VERTEBRACI\u00d3N EMPRESARIAL:\u00a0\u00d3RGANO DE GESTI\u00d3N CLUB DE PRODUCTO RUTAS DEL JAM\u00d3N IB\u00c9RICO. En el marco del \u00abForo de empresa, empleo y formaci\u00f3n\u00bb, el Foro de Turismo se encuentra inmerso en el desarrollo de un producto tur\u00edstico muy<span class=\"ellipsis\">&hellip;<\/span><\/p>\n<div class=\"read-more\"><a href=\"https:\/\/adismonta.com\/participa\/turismo\/\">Leer m\u00e1s \u203a<\/a><\/div>\n<p><!-- end of .read-more --><\/p>\n","protected":false},"author":12,"featured_media":0,"parent":0,"menu_order":0,"comment_status":"closed","ping_status":"closed","template":"","meta":{"footnotes":""},"class_list":["post-94","page","type-page","status-publish","hentry"],"_links":{"self":[{"href":"https:\/\/adismonta.com\/participa\/wp-json\/wp\/v2\/pages\/94","targetHints":{"allow":["GET"]}}],"collection":[{"href":"https:\/\/adismonta.com\/participa\/wp-json\/wp\/v2\/pages"}],"about":[{"href":"https:\/\/adismonta.com\/participa\/wp-json\/wp\/v2\/types\/page"}],"author":[{"embeddable":true,"href":"https:\/\/adismonta.com\/participa\/wp-json\/wp\/v2\/users\/12"}],"replies":[{"embeddable":true,"href":"https:\/\/adismonta.com\/participa\/wp-json\/wp\/v2\/comments?post=94"}],"version-history":[{"count":7,"href":"https:\/\/adismonta.com\/participa\/wp-json\/wp\/v2\/pages\/94\/revisions"}],"predecessor-version":[{"id":106,"href":"https:\/\/adismonta.com\/participa\/wp-json\/wp\/v2\/pages\/94\/revisions\/106"}],"wp:attachment":[{"href":"https:\/\/adismonta.com\/participa\/wp-json\/wp\/v2\/media?parent=94"}],"curies":[{"name":"wp","href":"https:\/\/api.w.org\/{rel}","templated":true}]}}