{"id":76,"date":"2013-09-04T11:49:47","date_gmt":"2013-09-04T11:49:47","guid":{"rendered":"http:\/\/adismonta.com\/participa\/?page_id=76"},"modified":"2014-10-18T12:56:03","modified_gmt":"2014-10-18T12:56:03","slug":"medio-ambiente","status":"publish","type":"page","link":"https:\/\/adismonta.com\/participa\/medio-ambiente\/","title":{"rendered":"Medio Ambiente"},"content":{"rendered":"<p style=\"text-align: justify;\">ADISMONTA, a trav\u00e9s del proyecto <strong>\u00abHuerto Urbano: Un Espacio para Crear\u00bb<\/strong>, ha\u00a0venido proporcionando a las diferentes asociaciones del medio rural un espacio en\u00a0el que combinar tradici\u00f3n, patrimonio intangible, ocio saludable, emprendimiento,\u00a0formaci\u00f3n, respiro familiar y valores. Se trata de un espacio de <strong>Huerto Ecol\u00f3gico<\/strong> en\u00a0el que se cuenta con antecedentes en cuanto a organizaci\u00f3n de <strong>actividades l\u00fadico-educativas<\/strong>, y que ha venido a convertirse en una herramienta o instrumento para\u00a0las asociaciones de <strong>personas con discapacidad<\/strong> de la zona, para que a trav\u00e9s del\u00a0ocio sostenible se proporcione una formaci\u00f3n en agricultura ecol\u00f3gica.<\/p>\n<p style=\"text-align: justify;\">La puesta en marcha del proyecto de huerto ecol\u00f3gico supone ya desde sus inicios,\u00a0la colaboraci\u00f3n entre el Grupo de Acci\u00f3n Local ADISMONTA para la gesti\u00f3n del\u00a0mismo y la Mancomunidad Sierra de Mont\u00e1nchez mediante la cesi\u00f3n del terreno en\u00a0el que se lleva a cabo.<\/p>\n<p style=\"text-align: justify;\">Con la actividad que incorporamos proponemos una nueva\u00a0ocasi\u00f3n en la que trabajar con personas con discapacidad y su <strong>integraci\u00f3n en el\u00a0proceso de participaci\u00f3n<\/strong>.<\/p>\n<p style=\"text-align: justify;\"><strong><span style=\"color: #ff6600;\">\u00abVAMOS AL HUERTO\u00bb<\/span><\/strong><\/p>\n<p style=\"text-align: justify;\">El objetivo principal de la actividad \u00abVamos al huerto\u00bb es el de <strong>establecer relaciones de convivencia con las personas con discapacidad intelectual y\/o f\u00edsica y las asociaciones a las que pertenecen, mediante<\/strong><\/p>\n<p><a href=\"http:\/\/www.adismonta.com\/fotos\/noticias\/1357-221211124351.jpg\" target=\"_blank\"><img loading=\"lazy\" decoding=\"async\" class=\"       alignright\" style=\"margin: 15px;\" alt=\"\" src=\"http:\/\/www.adismonta.com\/fotos\/noticias\/1357-221211124351.jpg\" width=\"336\" height=\"189\" \/><\/a><\/p>\n<p style=\"text-align: justify;\"><strong>actividades de gesti\u00f3n de su ocio y tiempo libre en huerto ecol\u00f3gico.<\/strong><\/p>\n<p style=\"text-align: justify;\">Se pretende el acercamiento de las personas participantes a su entorno, a la naturaleza y a sus ciclos a trav\u00e9s del establecimiento de relaciones de convivencia, reeduc\u00e1ndonos como ciudadanos y ciudadanas responsables que deben aprender a vivir con su entorno de forma respetuosa.<\/p>\n<p style=\"text-align: justify;\">El grupo poblacional al que se dirige es el de personas con discapacidad intelectual y\/o f\u00edsica y las asociaciones a las que pertenecen. El trabajo en el huerto y los diferentes talleres que surgir\u00e1n en torno al mismo, permitir\u00e1n gestionar el ocio y el tiempo libre de forma eficaz y creativa, permitiendo a su vez el respiro familiar y la formaci\u00f3n en una actividad, que les permitir\u00e1 la integraci\u00f3n total a trav\u00e9s de la inclusi\u00f3n social e interactiva entre los diferentes grupos poblacionales participantes.<\/p>\n<p style=\"text-align: justify;\"><strong>El huerto como un espacio de creaci\u00f3n y convivencia<\/strong>, una oportunidad por su car\u00e1cter innovador y por todo lo que permite: trabajar con la tierra, con diferentes personas respetando sus circunstancias, entornos, particularidades y\u00a0convirti\u00e9ndose en un trabajo m\u00e1s all\u00e1 de lo puntual como zona de cultivo.<\/p>\n<p style=\"text-align: justify;\">En el proceso, la <strong>utilizaci\u00f3n de las tics<\/strong>, se hace imprescindible, como un elemento que permitir\u00e1 una <strong>mayor participaci\u00f3n<\/strong> y acercamiento de la actividad a un mayor n\u00famero de personas de forma indirecta, por lo que tendr\u00e1 presencia en el <strong>sistema integral de comunicaci\u00f3n<\/strong> con la ciudadan\u00eda y las <strong>redes sociales<\/strong>, adem\u00e1s de nutrir con noticia el blog propio.<\/p>\n<p style=\"text-align: justify;\">Trabajaremos en <strong>tres dimensiones<\/strong>:<\/p>\n<ul>\n<li><strong>EN EL MEDIO<\/strong>: Investigando y trabajando directamente el medio relacionando los problemas que afectan en este entorno con problem\u00e1ticas globales.<\/li>\n<li><strong>SOBRE EL MEDIO<\/strong>: Tomando el huerto como sistema ecol\u00f3gico, teniendo en cuenta los elementos que lo conforman, interacciones, cambios y organizaci\u00f3n e interdependencias que tienen respecto a otros sistemas.<\/li>\n<li><strong>A FAVOR DEL MEDIO<\/strong>: Impulsando una serie de valores y actitudes necesarios para que se produzca el cambio hacia comportamientos m\u00e1s respetuosos con el medioambiente y con otros grupos poblacionales que no pertenecen a lo que consideramos nuestro grupo de iguales con los que compartimos el entorno.<\/li>\n<\/ul>\n<p style=\"text-align: justify;\">La metodolog\u00eda utilizada permite que el grupo,, desde el inicio de la actividad, dise\u00f1e el espacio en el que quieren trabajar puesto que se parte de un terreno que a\u00fan no ha sido trabajado como espacio agr\u00edcola.<\/p>\n<p style=\"text-align: justify;\">Para la actividad se contar\u00e1, como en ocasiones anteriores, con la colaboraci\u00f3n de las diversas asociaciones y centros de personas con discapacidad en la comarca, como el <strong>CAMF (Centro de Atenci\u00f3n de Minusv\u00e1lidos F\u00edsicos)<\/strong> de Alcu\u00e9scar o la <strong>Asociaci\u00f3n San Francisco de As\u00eds<\/strong>, en Aldea del Cano.<\/p>\n<p style=\"text-align: justify;\">Vamos! Vente al huerto! Participa!<\/p>\n","protected":false},"excerpt":{"rendered":"<p>ADISMONTA, a trav\u00e9s del proyecto \u00abHuerto Urbano: Un Espacio para Crear\u00bb, ha\u00a0venido proporcionando a las diferentes asociaciones del medio rural un espacio en\u00a0el que combinar tradici\u00f3n, patrimonio intangible, ocio saludable, emprendimiento,\u00a0formaci\u00f3n, respiro familiar y valores. Se trata de un espacio<span class=\"ellipsis\">&hellip;<\/span><\/p>\n<div class=\"read-more\"><a href=\"https:\/\/adismonta.com\/participa\/medio-ambiente\/\">Leer m\u00e1s \u203a<\/a><\/div>\n<p><!-- end of .read-more --><\/p>\n","protected":false},"author":12,"featured_media":0,"parent":0,"menu_order":0,"comment_status":"closed","ping_status":"closed","template":"","meta":{"footnotes":""},"class_list":["post-76","page","type-page","status-publish","hentry"],"_links":{"self":[{"href":"https:\/\/adismonta.com\/participa\/wp-json\/wp\/v2\/pages\/76","targetHints":{"allow":["GET"]}}],"collection":[{"href":"https:\/\/adismonta.com\/participa\/wp-json\/wp\/v2\/pages"}],"about":[{"href":"https:\/\/adismonta.com\/participa\/wp-json\/wp\/v2\/types\/page"}],"author":[{"embeddable":true,"href":"https:\/\/adismonta.com\/participa\/wp-json\/wp\/v2\/users\/12"}],"replies":[{"embeddable":true,"href":"https:\/\/adismonta.com\/participa\/wp-json\/wp\/v2\/comments?post=76"}],"version-history":[{"count":6,"href":"https:\/\/adismonta.com\/participa\/wp-json\/wp\/v2\/pages\/76\/revisions"}],"predecessor-version":[{"id":93,"href":"https:\/\/adismonta.com\/participa\/wp-json\/wp\/v2\/pages\/76\/revisions\/93"}],"wp:attachment":[{"href":"https:\/\/adismonta.com\/participa\/wp-json\/wp\/v2\/media?parent=76"}],"curies":[{"name":"wp","href":"https:\/\/api.w.org\/{rel}","templated":true}]}}