{"id":67,"date":"2013-09-04T10:51:15","date_gmt":"2013-09-04T10:51:15","guid":{"rendered":"http:\/\/adismonta.com\/participa\/?page_id=67"},"modified":"2014-10-18T12:55:59","modified_gmt":"2014-10-18T12:55:59","slug":"mayores","status":"publish","type":"page","link":"https:\/\/adismonta.com\/participa\/mayores\/","title":{"rendered":"Mayores"},"content":{"rendered":"<p style=\"text-align: justify;\"><strong>Uno de los activos en el medio rural es la experiencia de nuestros mayores.<\/strong><\/p>\n<p style=\"text-align: justify;\">Proporcionalmente al n\u00famero de habitantes en nuestro territorio rural es el grupo de edad m\u00e1s representativo.<\/p>\n<p style=\"text-align: justify;\">Tenemos una poblaci\u00f3n envejecida, por lo que contamos con un alto valor experiencial en numerosas disciplinas. Esto se presenta como importante oportunidad de acci\u00f3n. Vamos a facilitar que el conocimiento, la informaci\u00f3n y la formaci\u00f3n sobre distintas pr\u00e1cticas, principalmente agroganaderas, v\u00eda participaci\u00f3n de nuestros mayores. El medio de comunicaci\u00f3n para la puesta en valor del activo de la Experiencia ser\u00e1 el peri\u00f3dico comarcal <a href=\"http:\/\/adismonta.com\/sierrayllano\/index.php\" target=\"_blank\">Sierra y Llano<\/a> en versi\u00f3n digital y papel. Por ello, hemos dise\u00f1ado la siguiente acci\u00f3n:<\/p>\n<p style=\"text-align: justify;\">\n<p style=\"text-align: justify;\"><img loading=\"lazy\" decoding=\"async\" class=\"alignright\" style=\"margin: 10px;\" alt=\"\" src=\"http:\/\/www.sxc.hu\/pic\/l\/o\/os\/osmar01\/1117237_89292511.jpg\" width=\"226\" height=\"179\" \/><\/p>\n<p style=\"text-align: justify;\"><strong><span style=\"color: #ff6600;\">\u00abTALLER DE PRENSA PARA MAYORES Y PANEL DE EXPERIENCIAS\u00bb<\/span><\/strong><\/p>\n<p style=\"text-align: justify;\"><b>Acciones y Objetivos comunes<\/b><\/p>\n<p style=\"text-align: justify;\">Dentro del objetivo general de impulsar y fortalecer el v\u00ednculo social del peri\u00f3dico Sierra y llano con la poblaci\u00f3n destinataria, fomentando la participaci\u00f3n en sus p\u00e1ginas y articulando distintas formas de colaboraci\u00f3n se proponeuna acci\u00f3n con los mayores con el objeto de recopilar y poner en valor el activo de la experiencia. Se pretende \u00a0abrir una nueva secci\u00f3n en el sierra y llano : <strong>\u201cYo te ense\u00f1o\u201d<\/strong>. Esta secci\u00f3n dar\u00e1 respuesta a las preguntas frecuentes en el medio rural. Preguntas que surgen a la hora de ejecutar las tareas y actividades econ\u00f3micas propias del territorio principalmente agr\u00edcola ganaderas (m\u00e9todos de cura para plantas y animales; \u00e9pocas de siembra, poda, uso y recolecci\u00f3n de plantas medicinales y silvestres, etc.).<\/p>\n<p style=\"text-align: justify;\">Pueden contemplarse dentro del \u00e1mbito del taller dos acciones distintas:<\/p>\n<ul style=\"text-align: justify;\">\n<li><strong>Acci\u00f3n 1.-Taller de prensa con contenidos generales adaptado al sector de poblaci\u00f3n al que est\u00e1 dirigido<\/strong><\/li>\n<li><strong>Acci\u00f3n 2.- Taller de dinamizaci\u00f3n para la puesta en marcha de una nueva secci\u00f3n en Sierra y Llano versi\u00f3n digital y papel.\u00a0<\/strong><\/li>\n<li><\/li>\n<\/ul>\n<p style=\"text-align: justify;\"><a href=\"http:\/\/adismonta.com\/sierrayllano\/index.php\"><img loading=\"lazy\" decoding=\"async\" class=\"aligncenter\" alt=\"\" src=\"http:\/\/adismonta.com\/img\/sierrallano.jpg\" width=\"233\" height=\"50\" \/><\/a><\/p>\n<p style=\"text-align: justify;\"><b>Beneficiarios de la acci\u00f3n<\/b><\/p>\n<p style=\"text-align: justify;\">La tercera edad de la comarca se ve beneficiada directamente con una formaci\u00f3n te\u00f3rica\/ practica adaptada a sus necesidades en el taller de prensa. La poblaci\u00f3n en general especialmente los j\u00f3venes que quieren emprender sobre la base de actividades tradicionales van a tener la oportunidad de demandar y recibir respuesta de primera mano de gente con gran experiencia avalada por los a\u00f1os.<\/p>\n<p style=\"text-align: justify;\">\u00a1Seguro que conoces a alguno\/a de nuestros mayores a los que le gustar\u00eda participar! No dudes en informarle, ponerle en contacto con nosotros o comentar para plantear cualquier duda.<\/p>\n","protected":false},"excerpt":{"rendered":"<p>Uno de los activos en el medio rural es la experiencia de nuestros mayores. Proporcionalmente al n\u00famero de habitantes en nuestro territorio rural es el grupo de edad m\u00e1s representativo. Tenemos una poblaci\u00f3n envejecida, por lo que contamos con un<span class=\"ellipsis\">&hellip;<\/span><\/p>\n<div class=\"read-more\"><a href=\"https:\/\/adismonta.com\/participa\/mayores\/\">Leer m\u00e1s \u203a<\/a><\/div>\n<p><!-- end of .read-more --><\/p>\n","protected":false},"author":12,"featured_media":0,"parent":0,"menu_order":0,"comment_status":"closed","ping_status":"closed","template":"","meta":{"footnotes":""},"class_list":["post-67","page","type-page","status-publish","hentry"],"_links":{"self":[{"href":"https:\/\/adismonta.com\/participa\/wp-json\/wp\/v2\/pages\/67","targetHints":{"allow":["GET"]}}],"collection":[{"href":"https:\/\/adismonta.com\/participa\/wp-json\/wp\/v2\/pages"}],"about":[{"href":"https:\/\/adismonta.com\/participa\/wp-json\/wp\/v2\/types\/page"}],"author":[{"embeddable":true,"href":"https:\/\/adismonta.com\/participa\/wp-json\/wp\/v2\/users\/12"}],"replies":[{"embeddable":true,"href":"https:\/\/adismonta.com\/participa\/wp-json\/wp\/v2\/comments?post=67"}],"version-history":[{"count":3,"href":"https:\/\/adismonta.com\/participa\/wp-json\/wp\/v2\/pages\/67\/revisions"}],"predecessor-version":[{"id":72,"href":"https:\/\/adismonta.com\/participa\/wp-json\/wp\/v2\/pages\/67\/revisions\/72"}],"wp:attachment":[{"href":"https:\/\/adismonta.com\/participa\/wp-json\/wp\/v2\/media?parent=67"}],"curies":[{"name":"wp","href":"https:\/\/api.w.org\/{rel}","templated":true}]}}