{"id":52,"date":"2013-09-04T10:26:51","date_gmt":"2013-09-04T10:26:51","guid":{"rendered":"http:\/\/adismonta.com\/participa\/?page_id=52"},"modified":"2014-10-18T12:55:54","modified_gmt":"2014-10-18T12:55:54","slug":"juventud","status":"publish","type":"page","link":"https:\/\/adismonta.com\/participa\/juventud\/","title":{"rendered":"Juventud"},"content":{"rendered":"<p style=\"text-align: center;\"><img decoding=\"async\" alt=\"\" src=\"http:\/\/www.frasesmotivacion.net\/assets\/css\/images\/generales\/quote_up.png\" \/>\u00a0<strong>La juventud quiere ser estimulada mejor que instruida.\u00a0<\/strong><img decoding=\"async\" alt=\"\" src=\"http:\/\/www.frasesmotivacion.net\/assets\/css\/images\/generales\/quote_down.png\" \/>\u00a0(Goethe)<\/p>\n<p>&nbsp;<\/p>\n<p style=\"text-align: justify;\"><img loading=\"lazy\" decoding=\"async\" class=\"alignright\" style=\"margin-left: 10px; margin-right: 10px;\" alt=\"\" src=\"http:\/\/www.sxc.hu\/pic\/l\/m\/ma\/mattox\/1171414_85227993.jpg\" width=\"205\" height=\"139\" \/>Persiguiendo el est\u00edmulo y la motivaci\u00f3n hemos dise\u00f1ado actividades para asociaciones, colectivos y juventud en forma de taller,\u00a0pues implica <b>acci\u00f3n<\/b>,\u00a0apostando por una <b>participaci\u00f3n activa, comprometida e innovadora<\/b>.<\/p>\n<p style=\"text-align: justify;\">Los talleres se configuran como <b>espacios de conversaci\u00f3n\/acci\u00f3n<\/b>. Es en la conversaci\u00f3n donde se logra intercambiar visiones, reflexiones, pensamientos, motivaciones, objetivos, deseos, etc. Es en este flujo de informaci\u00f3n donde construimos sociedad, donde formamos redes que comparten intereses, que reflexionan y aprenden juntos, que buscan nuevas formas de acercarse a la realidad y crear futuro.<\/p>\n<p style=\"text-align: justify;\">La persona que dirige el taller se convierte en un <b>facilitador para la innovaci\u00f3n, la creatividad y la colaboraci\u00f3n<\/b>. En estos talleres no se va a o\u00edr, a pasar, a estar sentado, en estos talleres es el propio joven quien act\u00faa, quien comparte, quien ense\u00f1a,quien aprende, quien piensa, quien construye, quien avanza, quien asume el papel que debe jugar en su entorno.<\/p>\n<p style=\"text-align: justify;\">La propuesta la basamos en el dise\u00f1o de tres <b>talleres tem\u00e1ticos con gancho\u00a0<\/b>desde los que promover y desarrollar la participaci\u00f3n.<\/p>\n<p style=\"text-align: justify;\">\n<p style=\"text-align: justify;\"><span style=\"color: #ff6600;\"><strong>\u00abOLA K ASE, PARTICIPAS O K ASE?!\u00bb\u00a0<span style=\"color: #000000;\">Taller de Creatividad<\/span><\/strong><\/span><\/p>\n<p style=\"text-align: justify;\">S\u00f3lo podemos transformar comunidades desde la acci\u00f3n participativa.<img loading=\"lazy\" decoding=\"async\" class=\"alignleft\" style=\"margin-left: 20px; margin-right: 20px;\" alt=\"\" src=\"http:\/\/upload.wikimedia.org\/wikipedia\/commons\/d\/d6\/Ola_k_ase_0001.jpg\" width=\"302\" height=\"201\" \/><\/p>\n<p style=\"text-align: justify;\">Escucha :: Piensa :: Sue\u00f1a :: Define :: Dise\u00f1a :: Act\u00faa :: Comprometet\u00e9<\/p>\n<p style=\"text-align: justify;\">\u00bfQue persigue el taller?<\/p>\n<ul style=\"text-align: justify;\">\n<li>Promover procesos de participaci\u00f3n y din\u00e1micas para que conocimiento, inquietudes y deseos de la juventud sean compartidas, enriquecidas y llevadas a la realidad mediante iniciativas y proyectos que los propios j\u00f3venes dise\u00f1en.<\/li>\n<li>Capacitar a la juventud y al tejido asociativo en habilidades creativas y emprendedoras para la participaci\u00f3n social.<\/li>\n<li>Enfocar la participaci\u00f3n joven como un valor que genera acci\u00f3n y promueve el desarrollo rural.<\/li>\n<li>Recoger un mapa de necesidades y oportunidades del territorio desde la realidad del colectivo joven.<\/li>\n<li>Generar una bater\u00eda de acciones, propuestas e iniciativas dise\u00f1adas por la juventud.<\/li>\n<\/ul>\n<p style=\"text-align: justify;\">\n<p style=\"text-align: justify;\"><strong><span style=\"color: #ff6600;\">\u00abYOUTHCAM\u00bb<\/span>\u00a0Taller de Creaci\u00f3n Audiovisual Participativa<\/strong><\/p>\n<p style=\"text-align: justify;\"><img loading=\"lazy\" decoding=\"async\" class=\"alignright\" alt=\"\" src=\"http:\/\/t3.gstatic.com\/images?q=tbn:ANd9GcSzwmC8wwu6Wkeu1h3fLqlYgOpv8ffmpgmxvBdTZPbxVaNnuTxTrg\" width=\"259\" height=\"194\" \/>La penetraci\u00f3n de internet en nuestra vida ha convertido el lenguaje audiovisual en herramienta clave para conectar con el mundo y participar desde ti y tu comunidad en la conversaci\u00f3n global.<\/p>\n<p style=\"text-align: justify;\">Participar haciendo, creando, generando producto e identidad a trav\u00e9s de v\u00eddeo, un resultado que puede viralizarse por las redes, generar debate y nuevos aportes.<\/p>\n<p style=\"text-align: justify;\">\u00bfQue persigue el taller?<\/p>\n<ul style=\"text-align: justify;\">\n<li>Crear una obra audiovisual colaborativa.<\/li>\n<li>Recoger la visi\u00f3n de la realidad desde la juventud.<\/li>\n<li>Utilizar nuevos canales de comunicaci\u00f3n para la participaci\u00f3n.<\/li>\n<li>Promover y compartir los deseos y propuestas de acci\u00f3n de la juventud para su entorno.<\/li>\n<\/ul>\n<div style=\"text-align: justify;\"><\/div>\n<div style=\"text-align: justify;\"><strong><span style=\"color: #ff6600;\">\u00abPARTICIPA 2.0\u00bb<span style=\"color: #000000;\"> Taller de Redes Sociales<\/span><\/span><\/strong><\/div>\n<div>\n<p style=\"text-align: justify;\"><img loading=\"lazy\" decoding=\"async\" class=\"alignleft\" style=\"margin-left: 10px; margin-right: 10px;\" alt=\"\" src=\"http:\/\/farm4.staticflickr.com\/3595\/3677857196_c1d9096ca1.jpg\" width=\"186\" height=\"138\" \/>Ahora toca poner en valor el trabajo de la juventud, sus opiniones, visiones, necesidades, motivaciones, creando a su vez un gancho para movilizar a m\u00e1s j\u00f3venes e invitarlos a colaborar en nuevos proyectos y procesos.<\/p>\n<p style=\"text-align: justify;\">Tomaremos como soporte principal los perfiles en redes sociales creados de forma concreta para el proyecto, \u00a0dinamizando la participaci\u00f3n con estrategias en facebook (encuestas, debates, notas, etc.) y twitter (haciendo uso de hashtas #participaokase).<\/p>\n<p style=\"text-align: justify;\">\u00a1Aprovechemos el potencial de las redes sociales para ciberactuar y participar!<\/p>\n<p style=\"text-align: justify;\">\u00bfQue persigue el taller?<\/p>\n<ul style=\"text-align: justify;\">\n<li>Formar a un grupo de j\u00f3venes en el aprovechamiento del potencial de las redes sociales y las tecnolog\u00edas 2.0<\/li>\n<li>Movilizar proyectos, propuestas de participaci\u00f3n, ideas, productos generados desde anteriores talleres o desde sus propias asociaciones y\/o colectivos de la juventud.<\/li>\n<li>Generar efecto multiplicador, la propia juventud motivando y actuando desde el 2.0 para construir ciudadan\u00eda, para definir el futuro, para ampliar redes y multiplicar la acci\u00f3n.<\/li>\n<\/ul>\n<p style=\"text-align: justify;\">\n<p style=\"text-align: justify;\">Si deseas m\u00e1s info o tienes inter\u00e9s en participar en alguna de estas acciones s\u00f3lo tienes que contactar con un comentario a esta entrada. \u00a1Te esperamos!<\/p>\n<\/div>\n","protected":false},"excerpt":{"rendered":"<p>\u00a0La juventud quiere ser estimulada mejor que instruida.\u00a0\u00a0(Goethe) &nbsp; Persiguiendo el est\u00edmulo y la motivaci\u00f3n hemos dise\u00f1ado actividades para asociaciones, colectivos y juventud en forma de taller,\u00a0pues implica acci\u00f3n,\u00a0apostando por una participaci\u00f3n activa, comprometida e innovadora. Los talleres se configuran<span class=\"ellipsis\">&hellip;<\/span><\/p>\n<div class=\"read-more\"><a href=\"https:\/\/adismonta.com\/participa\/juventud\/\">Leer m\u00e1s \u203a<\/a><\/div>\n<p><!-- end of .read-more --><\/p>\n","protected":false},"author":12,"featured_media":0,"parent":0,"menu_order":0,"comment_status":"closed","ping_status":"closed","template":"","meta":{"footnotes":""},"class_list":["post-52","page","type-page","status-publish","hentry"],"_links":{"self":[{"href":"https:\/\/adismonta.com\/participa\/wp-json\/wp\/v2\/pages\/52","targetHints":{"allow":["GET"]}}],"collection":[{"href":"https:\/\/adismonta.com\/participa\/wp-json\/wp\/v2\/pages"}],"about":[{"href":"https:\/\/adismonta.com\/participa\/wp-json\/wp\/v2\/types\/page"}],"author":[{"embeddable":true,"href":"https:\/\/adismonta.com\/participa\/wp-json\/wp\/v2\/users\/12"}],"replies":[{"embeddable":true,"href":"https:\/\/adismonta.com\/participa\/wp-json\/wp\/v2\/comments?post=52"}],"version-history":[{"count":9,"href":"https:\/\/adismonta.com\/participa\/wp-json\/wp\/v2\/pages\/52\/revisions"}],"predecessor-version":[{"id":66,"href":"https:\/\/adismonta.com\/participa\/wp-json\/wp\/v2\/pages\/52\/revisions\/66"}],"wp:attachment":[{"href":"https:\/\/adismonta.com\/participa\/wp-json\/wp\/v2\/media?parent=52"}],"curies":[{"name":"wp","href":"https:\/\/api.w.org\/{rel}","templated":true}]}}