{"id":50,"date":"2013-09-04T08:58:55","date_gmt":"2013-09-04T08:58:55","guid":{"rendered":"http:\/\/adismonta.com\/participa\/?page_id=50"},"modified":"2014-10-18T12:56:13","modified_gmt":"2014-10-18T12:56:13","slug":"resumen-del-proyecto","status":"publish","type":"page","link":"https:\/\/adismonta.com\/participa\/resumen-del-proyecto\/","title":{"rendered":"Resumen"},"content":{"rendered":"<p><em>\u201c<\/em><strong><em>\u00a1\u00c9chale coraz\u00f3n y participa!<\/em><\/strong><em>\u201d\u00a0<\/em>es el slogan del proyecto dise\u00f1ado por ADISMONTA\u00a0en el marco del DECRETO 30\/2013, de 12 de\u00a0marzo, por el que se regula el proceso de participaci\u00f3n social para el desarrollo rural\u00a0en Extremadura.<\/p>\n<p><img loading=\"lazy\" decoding=\"async\" class=\"alignleft\" alt=\"ENOLL\" src=\"http:\/\/adismonta.com\/participa\/wp-content\/uploads\/2013\/08\/ENOLL-150x143.jpg\" width=\"108\" height=\"103\" \/><\/p>\n<p>El camino recorrido es largo, acumulando una importante experiencia en procesos participativos desde la que\u00a0continuar avanzando y ofreciendo nuevos marcos de acci\u00f3n.\u00a0ADISMONTA es uno de los Grupos espa\u00f1oles reconocidos como\u00a0Espacio Social de Innovaci\u00f3n (ESdI), formando parte del Grupo\u00a0ECOLAB de la Plataforma Tecnol\u00f3gica Espa\u00f1ola de Tecnolog\u00edas para\u00a0la Salud, el Bienestar y laCohesi\u00f3n Social (Evia), y ha sido certificado\u00a0en la 4\u00aa Ola de Living Labs, entrando a formar parte de la Red Europea\u00a0de Living Labs (EnoLL).<\/p>\n<p>Proponemos una estrategia de intervenci\u00f3n basada en m\u00e9todos atractivos de\u00a0participaci\u00f3n, mediante un sistema integrado en el que interact\u00faan los diversos\u00a0colectivos (aprender a participar haciendo), estableci\u00e9ndose un bucle que\u00a0retroalimente todo el proceso, y en el que, sin olvidar los foros y estructuras ya\u00a0existentes, prestamos especial atenci\u00f3n a los colectivos menos participativos.<\/p>\n<p>La estrategia global se resume en este gr\u00e1fico:<\/p>\n<p style=\"text-align: center;\"><a href=\"http:\/\/adismonta.com\/participa\/wp-content\/uploads\/2013\/08\/ImagenGlobal1.jpg\"><img loading=\"lazy\" decoding=\"async\" class=\"aligncenter\" alt=\"ImagenGlobal\" src=\"http:\/\/adismonta.com\/participa\/wp-content\/uploads\/2013\/08\/ImagenGlobal.jpg\" width=\"677\" height=\"442\" \/><\/a><\/p>\n<p>Una estrategia que se plasma en nuemerosas actividades y propuestas para participar.<\/p>\n<p>&nbsp;<\/p>\n<p style=\"text-align: center;\"><img loading=\"lazy\" decoding=\"async\" class=\"aligncenter\" alt=\"\" src=\"http:\/\/adismonta.com\/participa\/wp-content\/uploads\/2013\/08\/cartelverticalRGB-nano.jpg\" width=\"758\" height=\"1072\" \/><\/p>\n<p>&nbsp;<\/p>\n<p>En conjunto se persigue de promover la integraci\u00f3n social y econ\u00f3mica y desarrollo de poblaciones rurales, as\u00ed como a promover la concepci\u00f3n del medio rural como un espacio de cohesi\u00f3n social.<\/p>\n<p>Son <b>objetivos generales <\/b>del proyecto:<\/p>\n<ul>\n<li>La puesta en marcha y el incremento de la participaci\u00f3n ciudadana para un\u00a0desarrollo rural en la comarca de Sierra de Mont\u00e1nchez y Tamuja.<\/li>\n<li>La creaci\u00f3n, puesta en marcha y consolidaci\u00f3n de unos \u00f3rganos y\/o foros dise\u00f1ados para la participaci\u00f3n de la ciudadan\u00eda, dirigidos a su desarrollo personal, socioecon\u00f3mico y cultural, permiti\u00e9ndoles ser protagonistas en el desarrollo de su zona.<\/li>\n<li>Impulsar un proceso integrador para todas las personas de la zona, con un claro car\u00e1cter de solidaridad, cooperaci\u00f3n y flexibilidad para adaptarse al ritmo y desarrollo de la ciudadan\u00eda.<\/li>\n<li>Propiciar la presencia activa de la juventud as\u00ed como la igualdad entre mujeres y hombres y personas con discapacidad, formando parte de la metodolog\u00eda interna del propio proceso.<\/li>\n<li>Garantizar la representatividad y cooperaci\u00f3n del sector privado, posibilitando al mismo tiempo la promoci\u00f3n e incentivo de la participaci\u00f3n ciudadana en el desarrollo rural.<\/li>\n<\/ul>\n<p>En coherencia con los distintos \u00f3rganos\/foros propuestos, son <b>objetivos espec\u00edficos <\/b>del proyecto:<\/p>\n<ul>\n<li>La creaci\u00f3n de un Sistema Integral de Comunicaci\u00f3n con la Ciudadan\u00eda, optimizando los distintos sistemas de comunicaci\u00f3n interna y externa ya existentes, e integr\u00e1ndolos en la creaci\u00f3n de una identidad digital propia del proyecto.<\/li>\n<li>Facilitar espacios, herramientas y metodolog\u00edas que permitan a los j\u00f3venes incorporar la participaci\u00f3n e innovaci\u00f3n como herramientas de acci\u00f3n \u00fatiles para la intervenci\u00f3n social en sus entornos.<\/li>\n<li>Promover, fortalecer y ampliar las redes juveniles, implicando a la juventud en el futuro y desarrollo de su territorio.<\/li>\n<li>Propiciar un clima de participaci\u00f3n desde el propio espacio p\u00fablico. Contribuir a combatir la desigualdad entre los sexos y avanzar en el dise\u00f1o de\u00a0un futuro en igualdad. Favorecer un compromiso p\u00fablico y activo contra la violencia machista, mediante\u00a0un cuestionamiento cr\u00edtico del modelo masculino tradicional.<\/li>\n<li>Poner en valor la experiencia y ense\u00f1anzas de las personas mayores, mediante la generaci\u00f3n de nuevos contenidos de prensa.<\/li>\n<li>Establecer relaciones de convivencia con las personas con discapacidad intelectual y\/o f\u00edsica y las asociaciones a las que pertenecen, mediante actividades de gesti\u00f3n de su ocio y tiempo libre en huerto ecol\u00f3gico.<\/li>\n<li>Dinamizar la vertebraci\u00f3n y cooperaci\u00f3n empresarial a trav\u00e9s del Foro de Turismo.<\/li>\n<li>Impulsar y fortalecer el v\u00ednculo social del peri\u00f3dico Sierra y Llano con la poblaci\u00f3n destinataria, fomentando la participaci\u00f3n en sus p\u00e1ginas y articulando distintas formas de colaboraci\u00f3n.<\/li>\n<li>Fortalecer la red de colaboraciones municipales y corresponsales t\u00e9cnicos y sociales del peri\u00f3dico, mejorando el sistema de participaci\u00f3n mediante el uso de nuevas herramientas 2.0, y otros espacios sociales.<\/li>\n<li>Facilitar t\u00e9cnicas e instrumentos did\u00e1ctico-formativos, que contribuyan a mejorar el desarrollo de contenidos del peri\u00f3dico.<\/li>\n<li>Mejorar los procesos de comunicaci\u00f3n entre los equipos t\u00e9cnicos que trabajan en la comarca, a trav\u00e9s del ya constituido Consejo T\u00e9cnico de Participaci\u00f3n.<\/li>\n<li>Acercar a los representantes pol\u00edticos y miembros del Grupo de Acci\u00f3n Local la realidad del proceso de participaci\u00f3n, estableciendo v\u00ednculos entre ellos.<\/li>\n<li>Devolver a la poblaci\u00f3n los resultados de su participaci\u00f3n en el propio proceso, a trav\u00e9s de la edici\u00f3n y publicaci\u00f3n de un bolet\u00edn de resultados.<\/li>\n<\/ul>\n<p>Queremos conversar contigo, escucharte, saber qu\u00e9 opinas, qu\u00e9 deseas, c\u00f3mo imaginas tu comarca, leerte, compartir, colaborar\u2026 \u00c9chale coraz\u00f3n y participa en alguna de las acciones propuestas! \u00bfContamos contigo? \u00bfQu\u00e9 os parece?<\/p>\n","protected":false},"excerpt":{"rendered":"<p>\u201c\u00a1\u00c9chale coraz\u00f3n y participa!\u201d\u00a0es el slogan del proyecto dise\u00f1ado por ADISMONTA\u00a0en el marco del DECRETO 30\/2013, de 12 de\u00a0marzo, por el que se regula el proceso de participaci\u00f3n social para el desarrollo rural\u00a0en Extremadura. El camino recorrido es largo, acumulando<span class=\"ellipsis\">&hellip;<\/span><\/p>\n<div class=\"read-more\"><a href=\"https:\/\/adismonta.com\/participa\/resumen-del-proyecto\/\">Leer m\u00e1s \u203a<\/a><\/div>\n<p><!-- end of .read-more --><\/p>\n","protected":false},"author":12,"featured_media":0,"parent":0,"menu_order":0,"comment_status":"closed","ping_status":"closed","template":"","meta":{"footnotes":""},"class_list":["post-50","page","type-page","status-publish","hentry"],"_links":{"self":[{"href":"https:\/\/adismonta.com\/participa\/wp-json\/wp\/v2\/pages\/50","targetHints":{"allow":["GET"]}}],"collection":[{"href":"https:\/\/adismonta.com\/participa\/wp-json\/wp\/v2\/pages"}],"about":[{"href":"https:\/\/adismonta.com\/participa\/wp-json\/wp\/v2\/types\/page"}],"author":[{"embeddable":true,"href":"https:\/\/adismonta.com\/participa\/wp-json\/wp\/v2\/users\/12"}],"replies":[{"embeddable":true,"href":"https:\/\/adismonta.com\/participa\/wp-json\/wp\/v2\/comments?post=50"}],"version-history":[{"count":5,"href":"https:\/\/adismonta.com\/participa\/wp-json\/wp\/v2\/pages\/50\/revisions"}],"predecessor-version":[{"id":122,"href":"https:\/\/adismonta.com\/participa\/wp-json\/wp\/v2\/pages\/50\/revisions\/122"}],"wp:attachment":[{"href":"https:\/\/adismonta.com\/participa\/wp-json\/wp\/v2\/media?parent=50"}],"curies":[{"name":"wp","href":"https:\/\/api.w.org\/{rel}","templated":true}]}}