{"id":128,"date":"2013-09-04T18:43:21","date_gmt":"2013-09-04T18:43:21","guid":{"rendered":"http:\/\/adismonta.com\/participa\/?page_id=128"},"modified":"2014-10-18T12:55:44","modified_gmt":"2014-10-18T12:55:44","slug":"grupo-plan-22","status":"publish","type":"page","link":"https:\/\/adismonta.com\/participa\/grupo-plan-22\/","title":{"rendered":"Grupo Plan 22"},"content":{"rendered":"<blockquote><p><b>LOS REPRESENTANTES POL\u00cdTICOS COMO AGENTES ACTIVOS EN\u00a0<\/b><b>LA PARTICIPACI\u00d3N<\/b><\/p><\/blockquote>\n<p>22 son los municipios que conforman el \u00e1mbito de actuaci\u00f3n comarcal de ADISMONTA, y sus representantes municipales componen la estatutariamente establecida Mesa del Sector Institucional-Administraci\u00f3n Local, que se corresponde con el que, en los antecedentes del decreto de participaci\u00f3n, se ha venido denominando Grupo Plan 21 como \u00f3rgano de participaci\u00f3n de car\u00e1cter pol\u00edtico en el proceso de participaci\u00f3n social para el desarrollo rural de Extremadura, y que hemos preferido denominar Grupo Plan 22 en la aplicaci\u00f3n de la presente campa\u00f1a para la convocatoria 2013, estableciendo as\u00ed una relaci\u00f3n directa entre el n\u00famero de municipios de la comarca y el n\u00famero de representantes pol\u00edticos que ejercen como alcaldes en cada uno de sus ayuntamientos, al margen de que como componentes de dicho \u00f3rgano se suman representantes de la Mancomunidad Integral Sierra de Mont\u00e1nchez y el resto de representantes del Grupo de Acci\u00f3n Local de ADISMONTA.<\/p>\n<p>Se propone la siguiente actividad en el presente proyecto:<\/p>\n<p><span style=\"color: #ff6600;\"><b>REUNI\u00d3N DEL GRUPO PLAN 22<\/b><\/span><\/p>\n<p>Se pretende as\u00ed <b>dar continuidad <\/b>a las reuniones ya desarrolladas desde el inicio formal del Grupo Plan 21 (2009) y en el Proceso de Participaci\u00f3n del 2010 y 2011, con el objetivo de abordar en estos momentos los resultados obtenidos y facilitar el an\u00e1lisis de propuestas de cara a posibles actuaciones de mejora futura.<\/p>\n<p>Son beneficiarios directos los propios representantes de ayuntamientos de la comarca e indirectamente la poblaci\u00f3n en general del territorio.<\/p>\n","protected":false},"excerpt":{"rendered":"<p>LOS REPRESENTANTES POL\u00cdTICOS COMO AGENTES ACTIVOS EN\u00a0LA PARTICIPACI\u00d3N 22 son los municipios que conforman el \u00e1mbito de actuaci\u00f3n comarcal de ADISMONTA, y sus representantes municipales componen la estatutariamente establecida Mesa del Sector Institucional-Administraci\u00f3n Local, que se corresponde con el que,<span class=\"ellipsis\">&hellip;<\/span><\/p>\n<div class=\"read-more\"><a href=\"https:\/\/adismonta.com\/participa\/grupo-plan-22\/\">Leer m\u00e1s \u203a<\/a><\/div>\n<p><!-- end of .read-more --><\/p>\n","protected":false},"author":12,"featured_media":0,"parent":0,"menu_order":0,"comment_status":"closed","ping_status":"closed","template":"","meta":{"footnotes":""},"class_list":["post-128","page","type-page","status-publish","hentry"],"_links":{"self":[{"href":"https:\/\/adismonta.com\/participa\/wp-json\/wp\/v2\/pages\/128","targetHints":{"allow":["GET"]}}],"collection":[{"href":"https:\/\/adismonta.com\/participa\/wp-json\/wp\/v2\/pages"}],"about":[{"href":"https:\/\/adismonta.com\/participa\/wp-json\/wp\/v2\/types\/page"}],"author":[{"embeddable":true,"href":"https:\/\/adismonta.com\/participa\/wp-json\/wp\/v2\/users\/12"}],"replies":[{"embeddable":true,"href":"https:\/\/adismonta.com\/participa\/wp-json\/wp\/v2\/comments?post=128"}],"version-history":[{"count":1,"href":"https:\/\/adismonta.com\/participa\/wp-json\/wp\/v2\/pages\/128\/revisions"}],"predecessor-version":[{"id":129,"href":"https:\/\/adismonta.com\/participa\/wp-json\/wp\/v2\/pages\/128\/revisions\/129"}],"wp:attachment":[{"href":"https:\/\/adismonta.com\/participa\/wp-json\/wp\/v2\/media?parent=128"}],"curies":[{"name":"wp","href":"https:\/\/api.w.org\/{rel}","templated":true}]}}