{"id":123,"date":"2013-09-04T18:32:43","date_gmt":"2013-09-04T18:32:43","guid":{"rendered":"http:\/\/adismonta.com\/participa\/?page_id=123"},"modified":"2014-10-18T12:55:40","modified_gmt":"2014-10-18T12:55:40","slug":"consejo-tecnico","status":"publish","type":"page","link":"https:\/\/adismonta.com\/participa\/consejo-tecnico\/","title":{"rendered":"Consejo T\u00e9cnico"},"content":{"rendered":"<p>El Consejo T\u00e9cnico de Participaci\u00f3n se encuentra conformado por <strong>todos los t\u00e9cnicos que trabajan en la comarca<\/strong>, tanto de la CCAA, como de Ayuntamientos, Mancomunidad Integral Sierra de Mont\u00e1nchez y Grupo de <img loading=\"lazy\" decoding=\"async\" class=\"alignright\" alt=\"\" src=\"http:\/\/2.bp.blogspot.com\/_qTRHFtfiQps\/S1ropsaHtyI\/AAAAAAAAAas\/IodHp40ZRzs\/s320\/mapa+comarca.jpg\" width=\"264\" height=\"320\" \/>Acci\u00f3n Local de ADISMONTA, as\u00ed como de otras Organizaciones P\u00fablicas o Privadas que se encuentran dentro de la zona de participaci\u00f3n, en funci\u00f3n del \u00e1mbito tem\u00e1tico para el que se les convoque.<\/p>\n<p>El <strong>objetivo general<\/strong> que nos proponemos mediante esta actuaci\u00f3n en el presente proyecto es el de <strong>mejorar los procesos de comunicaci\u00f3n entre los equipos t\u00e9cnicos<\/strong> que trabajan en la comarca, as\u00ed como el de <strong>fortalecer la red de colaboradores<\/strong> municipales y corresponsales t\u00e9cnicos y sociales del peri\u00f3dico comarcal Sierra y Llano.<\/p>\n<p>Los <strong>objetivos espec\u00edficos\u00a0<\/strong>del Consejo T\u00e9cnico son:<\/p>\n<ul>\n<li>proponer, debatir y elaborar ideas o propuestas del\/al resto de \u00f3rganos de participaci\u00f3n,<\/li>\n<li>asesorar t\u00e9cnicamente a los foros y grupos,<\/li>\n<li>emitir informes,<\/li>\n<li>promover la coordinaci\u00f3n entre los t\u00e9cnicos de la zona, dar a conocer los proyectos y actuaciones que se est\u00e1n o van a desarrollarse en la zona.<\/li>\n<\/ul>\n<p>Los <strong>beneficiarios<\/strong>\u00a0ser\u00e1n toda la poblaci\u00f3n, a trav\u00e9s de la mejora en la coordinaci\u00f3n, con los beneficios derivados en el propio proceso de participaci\u00f3n.<\/p>\n<p>Para ello, nos proponemos en el presente proyecto las siguientes <strong>actividades<\/strong> concretas:<\/p>\n<p>&nbsp;<\/p>\n<p><span style=\"color: #ff6600;\"><b>REUNIONES DE COORDINACI\u00d3N T\u00c9CNICA<\/b><\/span><\/p>\n<p>Una vez m\u00e1s, los t\u00e9cnicos que trabajan en la comarca se reunir\u00e1n para hablar de los proyectos que se est\u00e1n desarrollando en la actualidad y de los que est\u00e1n programados para los pr\u00f3ximos meses, con el objetivo de alcanzar a trav\u00e9s de la cooperaci\u00f3n <strong>sinergias<\/strong> que beneficien a la comarca y sus habitantes.<\/p>\n<p>En esta ocasi\u00f3n, y para el presente proyecto en particular, se centrar\u00e1 la atenci\u00f3n en la coordinaci\u00f3n de todo el proceso de participaci\u00f3n social para el desarrollo rural, en sus diferentes actuaciones, y en especial en la interacci\u00f3n t\u00e9cnica con el Sistema Integrado de Comunicaci\u00f3n con la Ciudadan\u00eda. Se aprovechar\u00e1 la primera reuni\u00f3n para presentar a los miembros del Comit\u00e9 T\u00e9cnico la actividad de Taller de Prensa Sierra y Llano, que se describe a continuaci\u00f3n, y que tiene a los colaboradores t\u00e9cnicos como principales destinatarios.<\/p>\n<p>&nbsp;<\/p>\n<p><span style=\"color: #ff6600;\"><b>TALLER DE PRENSA SIERRA Y LLANO<\/b><\/span><\/p>\n<p>Proponemos la realizaci\u00f3n de un Taller de Prensa (para versi\u00f3n impresa y digital) que refuerce la participaci\u00f3n de agentes sociales, t\u00e9cnicos y poblaci\u00f3n en general, y posibilite nuevas herramientas &#8211; t\u00e9cnicas y ling\u00fc\u00edsticas- que mejoren el desarrollo de los contenidos del peri\u00f3dico, tanto en su versi\u00f3n impresa como en la digital.<\/p>\n<p><b>Beneficiarios\/destinatarios:<\/b><\/p>\n<p>El Taller de Prensa Sierra y Llano se dirige principalmente a los miembros del Consejo T\u00e9cnico de Participaci\u00f3n, pero se encontrar\u00e1 tambi\u00e9n abierto al resto de colaboradores, actuales y potenciales, del peri\u00f3dico.<\/p>\n<p>Los beneficiarios son todos los lectores y poblaci\u00f3n destinataria.<\/p>\n<p><b>Objetivos<\/b><\/p>\n<ul>\n<li>Impulsar y fortalecer el v\u00ednculo social del peri\u00f3dico Sierra y Llano con la poblaci\u00f3n destinataria, fomentando la participaci\u00f3n en sus p\u00e1ginas y articulando distintas formas de colaboraci\u00f3n.<\/li>\n<li>Fortalecer la red de colaboraciones municipales y corresponsales t\u00e9cnicos y sociales del peri\u00f3dico, mejorando el sistema de participaci\u00f3n mediante el uso de nuevas herramientas 2.0, y otros espacios sociales.<\/li>\n<li>Facilitar t\u00e9cnicas e instrumentos did\u00e1ctico-formativos, que contribuyan a mejorar el desarrollo de contenidos del peri\u00f3dico.<\/li>\n<\/ul>\n<p><b>Metodolog\u00eda<\/b><\/p>\n<p>El Taller de Prensa comarcal se plantea como un <strong>espacio de trabajo grupal<\/strong> en el aula, es decir, presencial, con implementaci\u00f3n de recursos digitales que puedan posteriormente desarrollarse en sesiones on-line o a trav\u00e9s de herramientas 2.0. Se tratar\u00eda, pues, de un <strong>espacio de trabajo formativo y participativo.<\/strong><\/p>\n<p>Las l\u00edneas metodol\u00f3gicas del Taller estar\u00e1n orientadas a los fundamentos de la comunicaci\u00f3n popular en el medio rural, a trav\u00e9s de la participaci\u00f3n, el debate, el consenso social y los retos que afronta la sociedad comarcal; a partir de las mismas, el taller se centrar\u00eda principalmente en los recursos ling\u00fc\u00edsticos y tecnol\u00f3gicos al servicio del peri\u00f3dico Sierra y Llano y del conjunto de actividades de dinamizaci\u00f3n y desarrollo comarcal.<\/p>\n<p><b>Contenidos<\/b><\/p>\n<ol>\n<li>La prensa local como instrumento dinamizador de la participaci\u00f3n social. Sondeo de experiencias e introducci\u00f3n tem\u00e1tica.<\/li>\n<li>El lenguaje informativo y el estilo period\u00edstico.<\/li>\n<li>El paradigma de Laswell. Definici\u00f3n de los elementos que intervienen en los procesos de comunicaci\u00f3n y transmisi\u00f3n de la informaci\u00f3n.<\/li>\n<li>La Informaci\u00f3n. Nexo de comunicaci\u00f3n. Caracter\u00edsticas y g\u00e9neros informativos del periodismo escrito.<\/li>\n<li>El estilo y la t\u00e9cnica informativa. Rasgos distintivos del mensaje informativo.<\/li>\n<li>Ejemplos pr\u00e1cticos de redacci\u00f3n de informaciones.<\/li>\n<li>Prensa digital y redes. El caso de Sierra y Llano Digital.<\/li>\n<\/ol>\n","protected":false},"excerpt":{"rendered":"<p>El Consejo T\u00e9cnico de Participaci\u00f3n se encuentra conformado por todos los t\u00e9cnicos que trabajan en la comarca, tanto de la CCAA, como de Ayuntamientos, Mancomunidad Integral Sierra de Mont\u00e1nchez y Grupo de Acci\u00f3n Local de ADISMONTA, as\u00ed como de otras<span class=\"ellipsis\">&hellip;<\/span><\/p>\n<div class=\"read-more\"><a href=\"https:\/\/adismonta.com\/participa\/consejo-tecnico\/\">Leer m\u00e1s \u203a<\/a><\/div>\n<p><!-- end of .read-more --><\/p>\n","protected":false},"author":12,"featured_media":0,"parent":0,"menu_order":0,"comment_status":"closed","ping_status":"closed","template":"","meta":{"footnotes":""},"class_list":["post-123","page","type-page","status-publish","hentry"],"_links":{"self":[{"href":"https:\/\/adismonta.com\/participa\/wp-json\/wp\/v2\/pages\/123","targetHints":{"allow":["GET"]}}],"collection":[{"href":"https:\/\/adismonta.com\/participa\/wp-json\/wp\/v2\/pages"}],"about":[{"href":"https:\/\/adismonta.com\/participa\/wp-json\/wp\/v2\/types\/page"}],"author":[{"embeddable":true,"href":"https:\/\/adismonta.com\/participa\/wp-json\/wp\/v2\/users\/12"}],"replies":[{"embeddable":true,"href":"https:\/\/adismonta.com\/participa\/wp-json\/wp\/v2\/comments?post=123"}],"version-history":[{"count":3,"href":"https:\/\/adismonta.com\/participa\/wp-json\/wp\/v2\/pages\/123\/revisions"}],"predecessor-version":[{"id":126,"href":"https:\/\/adismonta.com\/participa\/wp-json\/wp\/v2\/pages\/123\/revisions\/126"}],"wp:attachment":[{"href":"https:\/\/adismonta.com\/participa\/wp-json\/wp\/v2\/media?parent=123"}],"curies":[{"name":"wp","href":"https:\/\/api.w.org\/{rel}","templated":true}]}}